{"id":10155,"date":"2025-08-27T11:17:28","date_gmt":"2025-08-27T11:17:28","guid":{"rendered":"https:\/\/slot71.silverline.dev\/?post_type=product&#038;p=10155"},"modified":"2025-10-28T12:13:12","modified_gmt":"2025-10-28T12:13:12","slug":"13oz-coffee-mug","status":"publish","type":"product","link":"https:\/\/reihey.com\/de\/product\/13oz-coffee-mug\/","title":{"rendered":"13oz Kaffeebecher"},"content":{"rendered":"","protected":false},"excerpt":{"rendered":"<table class=\"desk-tab\">\n<tbody>\n<tr>\n<th>Name<\/th>\n<th>Material<\/th>\n<th>Kapazit\u00e4t<\/th>\n<th>Farbe<\/th>\n<th>Gr\u00f6\u00dfe<\/th>\n<th>Verwendung<\/th>\n<th>Verpackung<\/th>\n<\/tr>\n<tr>\n<td>Kaffeegl\u00e4ser<\/td>\n<td>Glas<\/td>\n<td>13oz<\/td>\n<td>Transparent<\/td>\n<td>106*91mm<\/td>\n<td>Kaffee<\/td>\n<td>1. Standard-Exportkarton \u2013 X St\u00fcck\/Box, Y Box\/Karton.<\/td>\n<\/tr>\n<tr>\n<td><\/td>\n<td><\/td>\n<td><\/td>\n<td><\/td>\n<td><\/td>\n<td><\/td>\n<td>2. Kundenset: wei\u00dfe Box mit Ihrem LOGO<\/td>\n<\/tr>\n<tr>\n<td><\/td>\n<td><\/td>\n<td><\/td>\n<td><\/td>\n<td><\/td>\n<td><\/td>\n<td>3. Farbiges Geschenkbox mit Ihrem Logo<\/td>\n<\/tr>\n<\/tbody>\n<\/table>\n<table class=\"mob-tab\">\n<tbody>\n<tr>\n<th>Name<\/th>\n<td>Kaffeegl\u00e4ser<\/td>\n<\/tr>\n<tr>\n<th>Material<\/th>\n<td>Glas<\/td>\n<\/tr>\n<tr>\n<th>Kapazit\u00e4t<\/th>\n<td>13oz<\/td>\n<\/tr>\n<tr>\n<th>Farbe<\/th>\n<td>Transparent<\/td>\n<\/tr>\n<tr>\n<th>Gr\u00f6\u00dfe<\/th>\n<td>106*91mm<\/td>\n<\/tr>\n<tr>\n<th>Verwendung<\/th>\n<td>Kaffee<\/td>\n<\/tr>\n<tr>\n<th>Verpackung<\/th>\n<td>\n        1. Standard-Exportkarton \u2013 X St\u00fcck\/Box, Y Box\/Karton.<br \/>\n        2. Kundenset: wei\u00dfe Box mit Ihrem LOGO<br \/>\n        3. Farbiges Geschenkbox mit Ihrem Logo\n      <\/td>\n<\/tr>\n<\/tbody>\n<\/table>\n<p>Vielseitige Kaffee-Tassen: Eine sch\u00f6ne moderne Interpretation der bescheiden gro\u00dfen Glaskaffeetasse. Diese klaren Gl\u00e4ser eignen sich auch perfekt f\u00fcr Ihren Cappuccino, hei\u00dfen Kakao, Cider, Butterrum und Ihre Tees. Ideal f\u00fcr all Ihre Lieblingsgetr\u00e4nke - hei\u00df oder kalt!<br \/>\nSp\u00fclmaschinenfest: Diese klaren Glas-Latte-Mugs lassen sich leicht reinigen, sie sind perfekt f\u00fcr jeden Anlass. Sie werden sie sowohl bei legeren als auch formellen Zusammenk\u00fcnften und f\u00fcr hei\u00dfe oder kalte Getr\u00e4nke zu sch\u00e4tzen wissen. Sie machen ein perfektes Einweihungsgeschenk!<\/p>","protected":false},"featured_media":992463,"comment_status":"closed","ping_status":"closed","template":"","meta":{"_acf_changed":false},"product_brand":[],"product_cat":[638,637],"product_tag":[],"class_list":{"0":"post-10155","1":"product","2":"type-product","3":"status-publish","4":"has-post-thumbnail","6":"product_cat-coffee-glasses","7":"product_cat-drinking-glasses","9":"first","10":"instock","11":"shipping-taxable","12":"product-type-simple"},"acf":[],"yoast_head":"<!-- This site is optimized with the Yoast SEO plugin v26.7 - https:\/\/yoast.com\/wordpress\/plugins\/seo\/ -->\n<title>13oz Coffee Mug - Reihey Glass<\/title>\n<meta name=\"robots\" content=\"index, follow, max-snippet:-1, max-image-preview:large, max-video-preview:-1\" \/>\n<link rel=\"canonical\" href=\"https:\/\/reihey.com\/de\/product\/13oz-coffee-mug\/\" \/>\n<meta property=\"og:locale\" content=\"de_DE\" \/>\n<meta property=\"og:type\" content=\"article\" \/>\n<meta property=\"og:title\" content=\"13oz Coffee Mug - Reihey Glass\" \/>\n<meta property=\"og:description\" content=\"Name    Material    Capacity    Color    Size    Usage    Packing          Coffee Glasses    Glass    13oz    Transparent    106*91mm    Coffee    1. Standard export carton--Xpcs\/box, Ybox\/carton.                                  2. Custom pack: white box with your LOGO                                  3. Color gift box with your logo                 Name    Coffee Glasses          Material    Glass          Capacity    13oz          Color    Transparent          Size    106*91mm          Usage    Coffee          Packing         1. Standard export carton--Xpcs\/box, Ybox\/carton.     2. Custom pack: white box with your LOGO     3. Color gift box with your logo            Versatile Coffee Mugs : A beautiful modern take on the humble large glass coffee mug. These clear glass cups are also perfect for your cappuccino, hot chocolate, cider, buttered rum &amp; your teas. Great for all your favorite hot or cold beverages! Dishwasher Safe: These clear glass latte mugs, are easy to clean, they&#039;re perfect for every occasion. You&#039;ll want them at your service for both casual and formal gatherings and hot or cold drinks. They make a perfect housewarming gift!\" \/>\n<meta property=\"og:url\" content=\"https:\/\/reihey.com\/de\/product\/13oz-coffee-mug\/\" \/>\n<meta property=\"og:site_name\" content=\"Reihey Glass\" \/>\n<meta property=\"article:modified_time\" content=\"2025-10-28T12:13:12+00:00\" \/>\n<meta property=\"og:image\" content=\"https:\/\/reihey.com\/wp-content\/uploads\/2025\/08\/FG07.png\" \/>\n\t<meta property=\"og:image:width\" content=\"526\" \/>\n\t<meta property=\"og:image:height\" content=\"508\" \/>\n\t<meta property=\"og:image:type\" content=\"image\/png\" \/>\n<meta name=\"twitter:card\" content=\"summary_large_image\" \/>\n<meta name=\"twitter:label1\" content=\"Est. reading time\" \/>\n\t<meta name=\"twitter:data1\" content=\"1\u00a0Minute\" \/>\n<script type=\"application\/ld+json\" class=\"yoast-schema-graph\">{\"@context\":\"https:\/\/schema.org\",\"@graph\":[{\"@type\":\"WebPage\",\"@id\":\"https:\/\/reihey.com\/product\/13oz-coffee-mug\/\",\"url\":\"https:\/\/reihey.com\/product\/13oz-coffee-mug\/\",\"name\":\"13oz Coffee Mug - Reihey Glass\",\"isPartOf\":{\"@id\":\"https:\/\/reihey.com\/#website\"},\"primaryImageOfPage\":{\"@id\":\"https:\/\/reihey.com\/product\/13oz-coffee-mug\/#primaryimage\"},\"image\":{\"@id\":\"https:\/\/reihey.com\/product\/13oz-coffee-mug\/#primaryimage\"},\"thumbnailUrl\":\"https:\/\/reihey.com\/wp-content\/uploads\/2025\/08\/FG07.png\",\"datePublished\":\"2025-08-27T11:17:28+00:00\",\"dateModified\":\"2025-10-28T12:13:12+00:00\",\"breadcrumb\":{\"@id\":\"https:\/\/reihey.com\/product\/13oz-coffee-mug\/#breadcrumb\"},\"inLanguage\":\"de\",\"potentialAction\":[{\"@type\":\"ReadAction\",\"target\":[\"https:\/\/reihey.com\/product\/13oz-coffee-mug\/\"]}]},{\"@type\":\"ImageObject\",\"inLanguage\":\"de\",\"@id\":\"https:\/\/reihey.com\/product\/13oz-coffee-mug\/#primaryimage\",\"url\":\"https:\/\/reihey.com\/wp-content\/uploads\/2025\/08\/FG07.png\",\"contentUrl\":\"https:\/\/reihey.com\/wp-content\/uploads\/2025\/08\/FG07.png\",\"width\":526,\"height\":508},{\"@type\":\"BreadcrumbList\",\"@id\":\"https:\/\/reihey.com\/product\/13oz-coffee-mug\/#breadcrumb\",\"itemListElement\":[{\"@type\":\"ListItem\",\"position\":1,\"name\":\"Home\",\"item\":\"https:\/\/reihey.com\/\"},{\"@type\":\"ListItem\",\"position\":2,\"name\":\"Shop\",\"item\":\"https:\/\/reihey.com\/shop\/\"},{\"@type\":\"ListItem\",\"position\":3,\"name\":\"13oz Coffee Mug\"}]},{\"@type\":\"WebSite\",\"@id\":\"https:\/\/reihey.com\/#website\",\"url\":\"https:\/\/reihey.com\/\",\"name\":\"Reihey Glass\",\"description\":\"\",\"publisher\":{\"@id\":\"https:\/\/reihey.com\/#organization\"},\"potentialAction\":[{\"@type\":\"SearchAction\",\"target\":{\"@type\":\"EntryPoint\",\"urlTemplate\":\"https:\/\/reihey.com\/?s={search_term_string}\"},\"query-input\":{\"@type\":\"PropertyValueSpecification\",\"valueRequired\":true,\"valueName\":\"search_term_string\"}}],\"inLanguage\":\"de\"},{\"@type\":\"Organization\",\"@id\":\"https:\/\/reihey.com\/#organization\",\"name\":\"Reihey Glass\",\"url\":\"https:\/\/reihey.com\/\",\"logo\":{\"@type\":\"ImageObject\",\"inLanguage\":\"de\",\"@id\":\"https:\/\/reihey.com\/#\/schema\/logo\/image\/\",\"url\":\"https:\/\/reihey.com\/wp-content\/uploads\/2023\/07\/Reihey-logo-2026.svg\",\"contentUrl\":\"https:\/\/reihey.com\/wp-content\/uploads\/2023\/07\/Reihey-logo-2026.svg\",\"width\":1984,\"height\":566,\"caption\":\"Reihey Glass\"},\"image\":{\"@id\":\"https:\/\/reihey.com\/#\/schema\/logo\/image\/\"}}]}<\/script>\n<!-- \/ Yoast SEO plugin. -->","yoast_head_json":{"title":"13oz Kaffeetasse - Reihey Glas","robots":{"index":"index","follow":"follow","max-snippet":"max-snippet:-1","max-image-preview":"max-image-preview:large","max-video-preview":"max-video-preview:-1"},"canonical":"https:\/\/reihey.com\/de\/product\/13oz-coffee-mug\/","og_locale":"de_DE","og_type":"article","og_title":"13oz Coffee Mug - Reihey Glass","og_description":"Name    Material    Capacity    Color    Size    Usage    Packing          Coffee Glasses    Glass    13oz    Transparent    106*91mm    Coffee    1. Standard export carton--Xpcs\/box, Ybox\/carton.                                  2. Custom pack: white box with your LOGO                                  3. Color gift box with your logo                 Name    Coffee Glasses          Material    Glass          Capacity    13oz          Color    Transparent          Size    106*91mm          Usage    Coffee          Packing         1. Standard export carton--Xpcs\/box, Ybox\/carton.     2. Custom pack: white box with your LOGO     3. Color gift box with your logo            Versatile Coffee Mugs : A beautiful modern take on the humble large glass coffee mug. These clear glass cups are also perfect for your cappuccino, hot chocolate, cider, buttered rum &amp; your teas. Great for all your favorite hot or cold beverages! Dishwasher Safe: These clear glass latte mugs, are easy to clean, they're perfect for every occasion. You'll want them at your service for both casual and formal gatherings and hot or cold drinks. They make a perfect housewarming gift!","og_url":"https:\/\/reihey.com\/de\/product\/13oz-coffee-mug\/","og_site_name":"Reihey Glass","article_modified_time":"2025-10-28T12:13:12+00:00","og_image":[{"width":526,"height":508,"url":"https:\/\/reihey.com\/wp-content\/uploads\/2025\/08\/FG07.png","type":"image\/png"}],"twitter_card":"summary_large_image","twitter_misc":{"Est. reading time":"1\u00a0Minute"},"schema":{"@context":"https:\/\/schema.org","@graph":[{"@type":"WebPage","@id":"https:\/\/reihey.com\/product\/13oz-coffee-mug\/","url":"https:\/\/reihey.com\/product\/13oz-coffee-mug\/","name":"13oz Kaffeetasse - Reihey Glas","isPartOf":{"@id":"https:\/\/reihey.com\/#website"},"primaryImageOfPage":{"@id":"https:\/\/reihey.com\/product\/13oz-coffee-mug\/#primaryimage"},"image":{"@id":"https:\/\/reihey.com\/product\/13oz-coffee-mug\/#primaryimage"},"thumbnailUrl":"https:\/\/reihey.com\/wp-content\/uploads\/2025\/08\/FG07.png","datePublished":"2025-08-27T11:17:28+00:00","dateModified":"2025-10-28T12:13:12+00:00","breadcrumb":{"@id":"https:\/\/reihey.com\/product\/13oz-coffee-mug\/#breadcrumb"},"inLanguage":"de","potentialAction":[{"@type":"ReadAction","target":["https:\/\/reihey.com\/product\/13oz-coffee-mug\/"]}]},{"@type":"ImageObject","inLanguage":"de","@id":"https:\/\/reihey.com\/product\/13oz-coffee-mug\/#primaryimage","url":"https:\/\/reihey.com\/wp-content\/uploads\/2025\/08\/FG07.png","contentUrl":"https:\/\/reihey.com\/wp-content\/uploads\/2025\/08\/FG07.png","width":526,"height":508},{"@type":"BreadcrumbList","@id":"https:\/\/reihey.com\/product\/13oz-coffee-mug\/#breadcrumb","itemListElement":[{"@type":"ListItem","position":1,"name":"Home","item":"https:\/\/reihey.com\/"},{"@type":"ListItem","position":2,"name":"Shop","item":"https:\/\/reihey.com\/shop\/"},{"@type":"ListItem","position":3,"name":"13oz Coffee Mug"}]},{"@type":"WebSite","@id":"https:\/\/reihey.com\/#website","url":"https:\/\/reihey.com\/","name":"Reihey Glas","description":"","publisher":{"@id":"https:\/\/reihey.com\/#organization"},"potentialAction":[{"@type":"SearchAction","target":{"@type":"EntryPoint","urlTemplate":"https:\/\/reihey.com\/?s={search_term_string}"},"query-input":{"@type":"PropertyValueSpecification","valueRequired":true,"valueName":"search_term_string"}}],"inLanguage":"de"},{"@type":"Organization","@id":"https:\/\/reihey.com\/#organization","name":"Reihey Glas","url":"https:\/\/reihey.com\/","logo":{"@type":"ImageObject","inLanguage":"de","@id":"https:\/\/reihey.com\/#\/schema\/logo\/image\/","url":"https:\/\/reihey.com\/wp-content\/uploads\/2023\/07\/Reihey-logo-2026.svg","contentUrl":"https:\/\/reihey.com\/wp-content\/uploads\/2023\/07\/Reihey-logo-2026.svg","width":1984,"height":566,"caption":"Reihey Glass"},"image":{"@id":"https:\/\/reihey.com\/#\/schema\/logo\/image\/"}}]}},"_links":{"self":[{"href":"https:\/\/reihey.com\/de\/wp-json\/wp\/v2\/product\/10155","targetHints":{"allow":["GET"]}}],"collection":[{"href":"https:\/\/reihey.com\/de\/wp-json\/wp\/v2\/product"}],"about":[{"href":"https:\/\/reihey.com\/de\/wp-json\/wp\/v2\/types\/product"}],"replies":[{"embeddable":true,"href":"https:\/\/reihey.com\/de\/wp-json\/wp\/v2\/comments?post=10155"}],"version-history":[{"count":3,"href":"https:\/\/reihey.com\/de\/wp-json\/wp\/v2\/product\/10155\/revisions"}],"predecessor-version":[{"id":997880,"href":"https:\/\/reihey.com\/de\/wp-json\/wp\/v2\/product\/10155\/revisions\/997880"}],"wp:featuredmedia":[{"embeddable":true,"href":"https:\/\/reihey.com\/de\/wp-json\/wp\/v2\/media\/992463"}],"wp:attachment":[{"href":"https:\/\/reihey.com\/de\/wp-json\/wp\/v2\/media?parent=10155"}],"wp:term":[{"taxonomy":"product_brand","embeddable":true,"href":"https:\/\/reihey.com\/de\/wp-json\/wp\/v2\/product_brand?post=10155"},{"taxonomy":"product_cat","embeddable":true,"href":"https:\/\/reihey.com\/de\/wp-json\/wp\/v2\/product_cat?post=10155"},{"taxonomy":"product_tag","embeddable":true,"href":"https:\/\/reihey.com\/de\/wp-json\/wp\/v2\/product_tag?post=10155"}],"curies":[{"name":"wp","href":"https:\/\/api.w.org\/{rel}","templated":true}]}}