{"id":10124,"date":"2025-08-27T11:17:02","date_gmt":"2025-08-27T11:17:02","guid":{"rendered":"https:\/\/slot71.silverline.dev\/?post_type=product&#038;p=10124"},"modified":"2025-10-28T12:13:04","modified_gmt":"2025-10-28T12:13:04","slug":"20-30-40-50-60ml-flat-shoulder-cylindrical-amber-glass-lotion-bottle","status":"publish","type":"product","link":"https:\/\/reihey.com\/de\/product\/20-30-40-50-60ml-flat-shoulder-cylindrical-amber-glass-lotion-bottle\/","title":{"rendered":"20\/30\/40\/50\/60ml Flach-Schulter zylindrische bernsteinfarbene Glas-Lotionflasche"},"content":{"rendered":"","protected":false},"excerpt":{"rendered":"<table class=\"desk-tab\">\n<tbody>\n<tr>\n<th>Material<\/th>\n<th>Farbe<\/th>\n<th>Kapazit\u00e4t<\/th>\n<th>Deckel<\/th>\n<th>Verwendung<\/th>\n<\/tr>\n<tr>\n<td>Glas<\/td>\n<td>Bernstein<\/td>\n<td>20 ml<\/td>\n<td>Kunststoff<\/td>\n<td>Hautpflege-Verpackung<\/td>\n<\/tr>\n<tr>\n<td><\/td>\n<td><\/td>\n<td>30 ml<\/td>\n<td><\/td>\n<td><\/td>\n<\/tr>\n<tr>\n<td><\/td>\n<td><\/td>\n<td>40ml<\/td>\n<td><\/td>\n<td><\/td>\n<\/tr>\n<tr>\n<td><\/td>\n<td><\/td>\n<td>50ml<\/td>\n<td><\/td>\n<td><\/td>\n<\/tr>\n<tr>\n<td><\/td>\n<td><\/td>\n<td>60 ml<\/td>\n<td><\/td>\n<td><\/td>\n<\/tr>\n<\/tbody>\n<\/table>\n<table class=\"mob-tab\">\n<tbody>\n<tr>\n<th>Material<\/th>\n<td>Glas<\/td>\n<\/tr>\n<tr>\n<th>Farbe<\/th>\n<td>Bernstein<\/td>\n<\/tr>\n<tr>\n<th>Kapazit\u00e4t<\/th>\n<td>20 ml<br \/>\n30 ml<br \/>\n40ml<br \/>\n50ml<br \/>\n60 ml<\/td>\n<\/tr>\n<tr>\n<th>Deckel<\/th>\n<td>Kunststoff<\/td>\n<\/tr>\n<tr>\n<th>Verwendung<\/th>\n<td>Hautpflege-Verpackung<\/td>\n<\/tr>\n<\/tbody>\n<\/table>\n<p>Das Design des Pumpkopfs sorgt f\u00fcr eine glatte und gleichm\u00e4\u00dfige Abgabe der Lotion. Einfach zu f\u00fcllen und zu reinigen, der Deckel l\u00e4sst sich sperren, ohne zu verstopfen, geruchlos, kein Leckage-Risiko. Perfekt f\u00fcr Make-up-Dispenser, Lotion\/Cremes\/\u00e4therische \u00d6le\/Shampoo, Hautcremes usw. geeignet f\u00fcr Reisen oder Camping oder andere Outdoor-Aktivit\u00e4ten. Leicht in Ihre Tasche zu stecken, sehr praktisch zum \u00dcberalltragen<\/p>","protected":false},"featured_media":992437,"comment_status":"closed","ping_status":"closed","template":"","meta":{"_acf_changed":false},"product_brand":[],"product_cat":[613,611,627],"product_tag":[],"class_list":{"0":"post-10124","1":"product","2":"type-product","3":"status-publish","4":"has-post-thumbnail","6":"product_cat-beauty","7":"product_cat-glass-bottle-manufacturer","8":"product_cat-wholesale-glass-lotion-bottle","10":"first","11":"instock","12":"shipping-taxable","13":"product-type-simple"},"acf":[],"yoast_head":"<!-- This site is optimized with the Yoast SEO plugin v26.7 - https:\/\/yoast.com\/wordpress\/plugins\/seo\/ -->\n<title>20\/30\/40\/50\/60ml Flat shoulder cylindrical amber glass lotion bottle - Reihey Glass<\/title>\n<meta name=\"robots\" content=\"index, follow, max-snippet:-1, max-image-preview:large, max-video-preview:-1\" \/>\n<link rel=\"canonical\" href=\"https:\/\/reihey.com\/de\/product\/20-30-40-50-60ml-flat-shoulder-cylindrical-amber-glass-lotion-bottle\/\" \/>\n<meta property=\"og:locale\" content=\"de_DE\" \/>\n<meta property=\"og:type\" content=\"article\" \/>\n<meta property=\"og:title\" content=\"20\/30\/40\/50\/60ml Flat shoulder cylindrical amber glass lotion bottle - Reihey Glass\" \/>\n<meta property=\"og:description\" content=\"Material Color Capacity Lid Usage   Glass Amber 20ml Plastic Skin Care Packaging     30ml       40ml       50ml       60ml         Material Glass   Color Amber   Capacity 20ml 30ml 40ml 50ml 60ml   Lid Plastic   Usage Skin Care Packaging    The design of pressure pump head makes it smooth and uniform to discharge the lotion. Easy to fill and clean, the cap can be locked without clogging, no odor, no need to worry about leak-off. Perfect for makeup dispenser, lotion\/cream\/essential oil\/ shampoo, skin creams and etc. suit for traveling or camping or other outside.easy to put it in your pouch,very convenient to carry everywhere\" \/>\n<meta property=\"og:url\" content=\"https:\/\/reihey.com\/de\/product\/20-30-40-50-60ml-flat-shoulder-cylindrical-amber-glass-lotion-bottle\/\" \/>\n<meta property=\"og:site_name\" content=\"Reihey Glass\" \/>\n<meta property=\"article:modified_time\" content=\"2025-10-28T12:13:04+00:00\" \/>\n<meta property=\"og:image\" content=\"https:\/\/reihey.com\/wp-content\/uploads\/2025\/08\/\u4e3b\u56fe-05_\u526f\u672c-11.jpg\" \/>\n\t<meta property=\"og:image:width\" content=\"800\" \/>\n\t<meta property=\"og:image:height\" content=\"800\" \/>\n\t<meta property=\"og:image:type\" content=\"image\/jpeg\" \/>\n<meta name=\"twitter:card\" content=\"summary_large_image\" \/>\n<meta name=\"twitter:label1\" content=\"Est. reading time\" \/>\n\t<meta name=\"twitter:data1\" content=\"1\u00a0Minute\" \/>\n<script type=\"application\/ld+json\" class=\"yoast-schema-graph\">{\"@context\":\"https:\/\/schema.org\",\"@graph\":[{\"@type\":\"WebPage\",\"@id\":\"https:\/\/reihey.com\/product\/20-30-40-50-60ml-flat-shoulder-cylindrical-amber-glass-lotion-bottle\/\",\"url\":\"https:\/\/reihey.com\/product\/20-30-40-50-60ml-flat-shoulder-cylindrical-amber-glass-lotion-bottle\/\",\"name\":\"20\/30\/40\/50\/60ml Flat shoulder cylindrical amber glass lotion bottle - Reihey Glass\",\"isPartOf\":{\"@id\":\"https:\/\/reihey.com\/#website\"},\"primaryImageOfPage\":{\"@id\":\"https:\/\/reihey.com\/product\/20-30-40-50-60ml-flat-shoulder-cylindrical-amber-glass-lotion-bottle\/#primaryimage\"},\"image\":{\"@id\":\"https:\/\/reihey.com\/product\/20-30-40-50-60ml-flat-shoulder-cylindrical-amber-glass-lotion-bottle\/#primaryimage\"},\"thumbnailUrl\":\"https:\/\/reihey.com\/wp-content\/uploads\/2025\/08\/\u4e3b\u56fe-05_\u526f\u672c-11.jpg\",\"datePublished\":\"2025-08-27T11:17:02+00:00\",\"dateModified\":\"2025-10-28T12:13:04+00:00\",\"breadcrumb\":{\"@id\":\"https:\/\/reihey.com\/product\/20-30-40-50-60ml-flat-shoulder-cylindrical-amber-glass-lotion-bottle\/#breadcrumb\"},\"inLanguage\":\"de\",\"potentialAction\":[{\"@type\":\"ReadAction\",\"target\":[\"https:\/\/reihey.com\/product\/20-30-40-50-60ml-flat-shoulder-cylindrical-amber-glass-lotion-bottle\/\"]}]},{\"@type\":\"ImageObject\",\"inLanguage\":\"de\",\"@id\":\"https:\/\/reihey.com\/product\/20-30-40-50-60ml-flat-shoulder-cylindrical-amber-glass-lotion-bottle\/#primaryimage\",\"url\":\"https:\/\/reihey.com\/wp-content\/uploads\/2025\/08\/\u4e3b\u56fe-05_\u526f\u672c-11.jpg\",\"contentUrl\":\"https:\/\/reihey.com\/wp-content\/uploads\/2025\/08\/\u4e3b\u56fe-05_\u526f\u672c-11.jpg\",\"width\":800,\"height\":800},{\"@type\":\"BreadcrumbList\",\"@id\":\"https:\/\/reihey.com\/product\/20-30-40-50-60ml-flat-shoulder-cylindrical-amber-glass-lotion-bottle\/#breadcrumb\",\"itemListElement\":[{\"@type\":\"ListItem\",\"position\":1,\"name\":\"Home\",\"item\":\"https:\/\/reihey.com\/\"},{\"@type\":\"ListItem\",\"position\":2,\"name\":\"Shop\",\"item\":\"https:\/\/reihey.com\/shop\/\"},{\"@type\":\"ListItem\",\"position\":3,\"name\":\"20\/30\/40\/50\/60ml Flat shoulder cylindrical amber glass lotion bottle\"}]},{\"@type\":\"WebSite\",\"@id\":\"https:\/\/reihey.com\/#website\",\"url\":\"https:\/\/reihey.com\/\",\"name\":\"Reihey Glass\",\"description\":\"\",\"publisher\":{\"@id\":\"https:\/\/reihey.com\/#organization\"},\"potentialAction\":[{\"@type\":\"SearchAction\",\"target\":{\"@type\":\"EntryPoint\",\"urlTemplate\":\"https:\/\/reihey.com\/?s={search_term_string}\"},\"query-input\":{\"@type\":\"PropertyValueSpecification\",\"valueRequired\":true,\"valueName\":\"search_term_string\"}}],\"inLanguage\":\"de\"},{\"@type\":\"Organization\",\"@id\":\"https:\/\/reihey.com\/#organization\",\"name\":\"Reihey Glass\",\"url\":\"https:\/\/reihey.com\/\",\"logo\":{\"@type\":\"ImageObject\",\"inLanguage\":\"de\",\"@id\":\"https:\/\/reihey.com\/#\/schema\/logo\/image\/\",\"url\":\"https:\/\/reihey.com\/wp-content\/uploads\/2023\/07\/Reihey-logo-2026.svg\",\"contentUrl\":\"https:\/\/reihey.com\/wp-content\/uploads\/2023\/07\/Reihey-logo-2026.svg\",\"width\":1984,\"height\":566,\"caption\":\"Reihey Glass\"},\"image\":{\"@id\":\"https:\/\/reihey.com\/#\/schema\/logo\/image\/\"}}]}<\/script>\n<!-- \/ Yoast SEO plugin. -->","yoast_head_json":{"title":"20\/30\/40\/50\/60ml Flachwandige zylindrische bernsteinfarbene Glas-Lotionflasche - Reihey Glass","robots":{"index":"index","follow":"follow","max-snippet":"max-snippet:-1","max-image-preview":"max-image-preview:large","max-video-preview":"max-video-preview:-1"},"canonical":"https:\/\/reihey.com\/de\/product\/20-30-40-50-60ml-flat-shoulder-cylindrical-amber-glass-lotion-bottle\/","og_locale":"de_DE","og_type":"article","og_title":"20\/30\/40\/50\/60ml Flat shoulder cylindrical amber glass lotion bottle - Reihey Glass","og_description":"Material Color Capacity Lid Usage   Glass Amber 20ml Plastic Skin Care Packaging     30ml       40ml       50ml       60ml         Material Glass   Color Amber   Capacity 20ml 30ml 40ml 50ml 60ml   Lid Plastic   Usage Skin Care Packaging    The design of pressure pump head makes it smooth and uniform to discharge the lotion. Easy to fill and clean, the cap can be locked without clogging, no odor, no need to worry about leak-off. Perfect for makeup dispenser, lotion\/cream\/essential oil\/ shampoo, skin creams and etc. suit for traveling or camping or other outside.easy to put it in your pouch,very convenient to carry everywhere","og_url":"https:\/\/reihey.com\/de\/product\/20-30-40-50-60ml-flat-shoulder-cylindrical-amber-glass-lotion-bottle\/","og_site_name":"Reihey Glass","article_modified_time":"2025-10-28T12:13:04+00:00","og_image":[{"width":800,"height":800,"url":"https:\/\/reihey.com\/wp-content\/uploads\/2025\/08\/\u4e3b\u56fe-05_\u526f\u672c-11.jpg","type":"image\/jpeg"}],"twitter_card":"summary_large_image","twitter_misc":{"Est. reading time":"1\u00a0Minute"},"schema":{"@context":"https:\/\/schema.org","@graph":[{"@type":"WebPage","@id":"https:\/\/reihey.com\/product\/20-30-40-50-60ml-flat-shoulder-cylindrical-amber-glass-lotion-bottle\/","url":"https:\/\/reihey.com\/product\/20-30-40-50-60ml-flat-shoulder-cylindrical-amber-glass-lotion-bottle\/","name":"20\/30\/40\/50\/60ml Flachwandige zylindrische bernsteinfarbene Glas-Lotionflasche - Reihey Glass","isPartOf":{"@id":"https:\/\/reihey.com\/#website"},"primaryImageOfPage":{"@id":"https:\/\/reihey.com\/product\/20-30-40-50-60ml-flat-shoulder-cylindrical-amber-glass-lotion-bottle\/#primaryimage"},"image":{"@id":"https:\/\/reihey.com\/product\/20-30-40-50-60ml-flat-shoulder-cylindrical-amber-glass-lotion-bottle\/#primaryimage"},"thumbnailUrl":"https:\/\/reihey.com\/wp-content\/uploads\/2025\/08\/\u4e3b\u56fe-05_\u526f\u672c-11.jpg","datePublished":"2025-08-27T11:17:02+00:00","dateModified":"2025-10-28T12:13:04+00:00","breadcrumb":{"@id":"https:\/\/reihey.com\/product\/20-30-40-50-60ml-flat-shoulder-cylindrical-amber-glass-lotion-bottle\/#breadcrumb"},"inLanguage":"de","potentialAction":[{"@type":"ReadAction","target":["https:\/\/reihey.com\/product\/20-30-40-50-60ml-flat-shoulder-cylindrical-amber-glass-lotion-bottle\/"]}]},{"@type":"ImageObject","inLanguage":"de","@id":"https:\/\/reihey.com\/product\/20-30-40-50-60ml-flat-shoulder-cylindrical-amber-glass-lotion-bottle\/#primaryimage","url":"https:\/\/reihey.com\/wp-content\/uploads\/2025\/08\/\u4e3b\u56fe-05_\u526f\u672c-11.jpg","contentUrl":"https:\/\/reihey.com\/wp-content\/uploads\/2025\/08\/\u4e3b\u56fe-05_\u526f\u672c-11.jpg","width":800,"height":800},{"@type":"BreadcrumbList","@id":"https:\/\/reihey.com\/product\/20-30-40-50-60ml-flat-shoulder-cylindrical-amber-glass-lotion-bottle\/#breadcrumb","itemListElement":[{"@type":"ListItem","position":1,"name":"Home","item":"https:\/\/reihey.com\/"},{"@type":"ListItem","position":2,"name":"Shop","item":"https:\/\/reihey.com\/shop\/"},{"@type":"ListItem","position":3,"name":"20\/30\/40\/50\/60ml Flat shoulder cylindrical amber glass lotion bottle"}]},{"@type":"WebSite","@id":"https:\/\/reihey.com\/#website","url":"https:\/\/reihey.com\/","name":"Reihey Glas","description":"","publisher":{"@id":"https:\/\/reihey.com\/#organization"},"potentialAction":[{"@type":"SearchAction","target":{"@type":"EntryPoint","urlTemplate":"https:\/\/reihey.com\/?s={search_term_string}"},"query-input":{"@type":"PropertyValueSpecification","valueRequired":true,"valueName":"search_term_string"}}],"inLanguage":"de"},{"@type":"Organization","@id":"https:\/\/reihey.com\/#organization","name":"Reihey Glas","url":"https:\/\/reihey.com\/","logo":{"@type":"ImageObject","inLanguage":"de","@id":"https:\/\/reihey.com\/#\/schema\/logo\/image\/","url":"https:\/\/reihey.com\/wp-content\/uploads\/2023\/07\/Reihey-logo-2026.svg","contentUrl":"https:\/\/reihey.com\/wp-content\/uploads\/2023\/07\/Reihey-logo-2026.svg","width":1984,"height":566,"caption":"Reihey Glass"},"image":{"@id":"https:\/\/reihey.com\/#\/schema\/logo\/image\/"}}]}},"_links":{"self":[{"href":"https:\/\/reihey.com\/de\/wp-json\/wp\/v2\/product\/10124","targetHints":{"allow":["GET"]}}],"collection":[{"href":"https:\/\/reihey.com\/de\/wp-json\/wp\/v2\/product"}],"about":[{"href":"https:\/\/reihey.com\/de\/wp-json\/wp\/v2\/types\/product"}],"replies":[{"embeddable":true,"href":"https:\/\/reihey.com\/de\/wp-json\/wp\/v2\/comments?post=10124"}],"version-history":[{"count":5,"href":"https:\/\/reihey.com\/de\/wp-json\/wp\/v2\/product\/10124\/revisions"}],"predecessor-version":[{"id":997873,"href":"https:\/\/reihey.com\/de\/wp-json\/wp\/v2\/product\/10124\/revisions\/997873"}],"wp:featuredmedia":[{"embeddable":true,"href":"https:\/\/reihey.com\/de\/wp-json\/wp\/v2\/media\/992437"}],"wp:attachment":[{"href":"https:\/\/reihey.com\/de\/wp-json\/wp\/v2\/media?parent=10124"}],"wp:term":[{"taxonomy":"product_brand","embeddable":true,"href":"https:\/\/reihey.com\/de\/wp-json\/wp\/v2\/product_brand?post=10124"},{"taxonomy":"product_cat","embeddable":true,"href":"https:\/\/reihey.com\/de\/wp-json\/wp\/v2\/product_cat?post=10124"},{"taxonomy":"product_tag","embeddable":true,"href":"https:\/\/reihey.com\/de\/wp-json\/wp\/v2\/product_tag?post=10124"}],"curies":[{"name":"wp","href":"https:\/\/api.w.org\/{rel}","templated":true}]}}